{"id":12,"date":"2019-01-10T20:29:56","date_gmt":"2019-01-10T20:29:56","guid":{"rendered":"http:\/\/dr-odenwald.de\/?page_id=12"},"modified":"2026-01-14T12:00:39","modified_gmt":"2026-01-14T12:00:39","slug":"home","status":"publish","type":"page","link":"https:\/\/dr-odenwald.de\/","title":{"rendered":"Willkommen"},"content":{"rendered":"\n<p>Liebe Patienten, <strong><em><mark style=\"background-color:rgba(0, 0, 0, 0)\" class=\"has-inline-color has-luminous-vivid-orange-color\"> <\/mark><\/em><\/strong><\/p>\n\n\n\n<p>gerne k\u00f6nnen Sie Termine \u00fcber unsere Webseite <em>Onlinetermine<\/em> zu buchen, bitte beachten Sie dabei auf die hinterlegten<strong><mark style=\"background-color:rgba(0, 0, 0, 0)\" class=\"has-inline-color has-vivid-cyan-blue-color\"> Hinweise direkt auf der Online Terminvergabeseite!<\/mark><em><mark style=\"background-color:#00d084\" class=\"has-inline-color has-white-color\"><\/mark><\/em><\/strong><\/p>\n\n\n\n<p><strong>Meine Philosophie&nbsp;<\/strong>&nbsp;<\/p>\n\n\n\n<p>Pers\u00f6nliche und individuelle Beratung&nbsp;<br>Moderne und leitliniengerechte Medizin<br>Kooperationspartner<\/p>\n\n\n\n<div class=\"wp-block-image\"><figure class=\"alignright size-medium\"><img loading=\"lazy\" width=\"300\" height=\"274\" src=\"https:\/\/dr-odenwald.de\/wp-content\/uploads\/2022\/03\/Dr_Odenwald_weiss-e1647588515192-300x274.jpg\" alt=\"\" class=\"wp-image-136\" srcset=\"https:\/\/dr-odenwald.de\/wp-content\/uploads\/2022\/03\/Dr_Odenwald_weiss-e1647588515192-300x274.jpg 300w, https:\/\/dr-odenwald.de\/wp-content\/uploads\/2022\/03\/Dr_Odenwald_weiss-e1647588515192-1024x934.jpg 1024w, https:\/\/dr-odenwald.de\/wp-content\/uploads\/2022\/03\/Dr_Odenwald_weiss-e1647588515192-768x700.jpg 768w, https:\/\/dr-odenwald.de\/wp-content\/uploads\/2022\/03\/Dr_Odenwald_weiss-e1647588515192-1536x1401.jpg 1536w, https:\/\/dr-odenwald.de\/wp-content\/uploads\/2022\/03\/Dr_Odenwald_weiss-e1647588515192.jpg 1987w\" sizes=\"(max-width: 300px) 100vw, 300px\" \/><\/figure><\/div>\n\n\n\n<p><strong>Meine Kompetenzen&nbsp;<\/strong>&nbsp;<\/p>\n\n\n\n<p>Eine ganzheitliche Therapie sowohl konservativ als auch operativ zu erm\u00f6glichen.\n Durch meine \u00fcber 15-j\u00e4hrige Berufserfahrung konnte ich mir sowohl eine \ngro\u00dfe nicht operative (konservative) und operative Aneignen. Als \nlangj\u00e4hriger Oberarzt und zuletzt als leitender in der Orthop\u00e4dischen Klinik Paulinenhilfe in Stuttgart habe ich mir ein gro\u00dfes operatives Spektrum angeeignet. Als leitender Oberarzt war ich in der Regel auch mit komplizierten Situationen konfrontiert.&nbsp;&nbsp;<\/p>\n\n\n\n<p>Als Arthroskopiker operiere ich in allen gro\u00dfen Gelenke des K\u00f6rpers komplexe Eingriffe.&nbsp;<\/p>\n\n\n\n<p>Als\n zertifizierter Schulter- und Ellenbogenchirurg (DVSE-Deutsche \nVereinigung f\u00fcr Schulter- und Ellenbogenchirurgie) bin ich Experte auf \ndiesem Gebiet.&nbsp;&nbsp;<\/p>\n\n\n\n<p><strong>Qualit\u00e4t<\/strong>&nbsp;<\/p>\n\n\n\n<p>Um\n alle konservativen und operativen etablierten Verfahren auf h\u00f6chstem \nNiveau anzubieten, nehme ich mehrmals j\u00e4hrlich auf Fortbildungen teil. \nSo kann ich mein Qualit\u00e4tsniveau immer weiter verbessern.&nbsp;<\/p>\n","protected":false},"excerpt":{"rendered":"<p>Liebe Patienten, gerne k\u00f6nnen Sie Termine \u00fcber unsere Webseite Onlinetermine zu buchen, bitte beachten Sie dabei auf die hinterlegten Hinweise direkt auf der Online Terminvergabeseite! Meine Philosophie&nbsp;&nbsp; Pers\u00f6nliche und individuelle Beratung&nbsp;Moderne und leitliniengerechte MedizinKooperationspartner Meine Kompetenzen&nbsp;&nbsp; Eine ganzheitliche Therapie sowohl konservativ als auch operativ zu erm\u00f6glichen. Durch meine \u00fcber 15-j\u00e4hrige Berufserfahrung konnte ich mir sowohl [&hellip;]<\/p>\n","protected":false},"author":1,"featured_media":144,"parent":0,"menu_order":0,"comment_status":"closed","ping_status":"closed","template":"","meta":[],"_links":{"self":[{"href":"https:\/\/dr-odenwald.de\/index.php?rest_route=\/wp\/v2\/pages\/12"}],"collection":[{"href":"https:\/\/dr-odenwald.de\/index.php?rest_route=\/wp\/v2\/pages"}],"about":[{"href":"https:\/\/dr-odenwald.de\/index.php?rest_route=\/wp\/v2\/types\/page"}],"author":[{"embeddable":true,"href":"https:\/\/dr-odenwald.de\/index.php?rest_route=\/wp\/v2\/users\/1"}],"replies":[{"embeddable":true,"href":"https:\/\/dr-odenwald.de\/index.php?rest_route=%2Fwp%2Fv2%2Fcomments&post=12"}],"version-history":[{"count":42,"href":"https:\/\/dr-odenwald.de\/index.php?rest_route=\/wp\/v2\/pages\/12\/revisions"}],"predecessor-version":[{"id":1665,"href":"https:\/\/dr-odenwald.de\/index.php?rest_route=\/wp\/v2\/pages\/12\/revisions\/1665"}],"wp:featuredmedia":[{"embeddable":true,"href":"https:\/\/dr-odenwald.de\/index.php?rest_route=\/wp\/v2\/media\/144"}],"wp:attachment":[{"href":"https:\/\/dr-odenwald.de\/index.php?rest_route=%2Fwp%2Fv2%2Fmedia&parent=12"}],"curies":[{"name":"wp","href":"https:\/\/api.w.org\/{rel}","templated":true}]}}