{"id":14,"date":"2019-01-10T20:29:56","date_gmt":"2019-01-10T20:29:56","guid":{"rendered":"http:\/\/dr-odenwald.de\/?page_id=14"},"modified":"2022-03-16T22:39:10","modified_gmt":"2022-03-16T22:39:10","slug":"praxis","status":"publish","type":"page","link":"https:\/\/dr-odenwald.de\/?page_id=14","title":{"rendered":"Praxis"},"content":{"rendered":"\n<p>In den wundersch\u00f6nen R\u00e4umen finden Sie alle relevanten technischen Ger\u00e4te, um Ihnen eine zielgerichtete Untersuchung und Therapie zu erm\u00f6glichen.<\/p>\n\n\n\n<figure class=\"wp-block-gallery has-nested-images columns-default is-cropped\">\n<figure class=\"wp-block-image size-large is-style-rounded\"><img loading=\"lazy\" width=\"683\" height=\"1024\" data-id=\"330\"  src=\"https:\/\/dr-odenwald.de\/wp-content\/uploads\/2022\/03\/Behandlungszimmer_2-1-683x1024.jpg\" alt=\"\" class=\"wp-image-330\" srcset=\"https:\/\/dr-odenwald.de\/wp-content\/uploads\/2022\/03\/Behandlungszimmer_2-1-683x1024.jpg 683w, https:\/\/dr-odenwald.de\/wp-content\/uploads\/2022\/03\/Behandlungszimmer_2-1-200x300.jpg 200w, https:\/\/dr-odenwald.de\/wp-content\/uploads\/2022\/03\/Behandlungszimmer_2-1-768x1152.jpg 768w, https:\/\/dr-odenwald.de\/wp-content\/uploads\/2022\/03\/Behandlungszimmer_2-1-1024x1536.jpg 1024w, https:\/\/dr-odenwald.de\/wp-content\/uploads\/2022\/03\/Behandlungszimmer_2-1-1366x2048.jpg 1366w, https:\/\/dr-odenwald.de\/wp-content\/uploads\/2022\/03\/Behandlungszimmer_2-1.jpg 1667w\" sizes=\"(max-width: 683px) 100vw, 683px\" \/><\/figure>\n\n\n\n<figure class=\"wp-block-image size-large is-style-rounded\"><img loading=\"lazy\" width=\"1024\" height=\"600\" data-id=\"329\"  src=\"https:\/\/dr-odenwald.de\/wp-content\/uploads\/2022\/03\/Empfang_0_Panorama-1-1024x600.jpg\" alt=\"\" class=\"wp-image-329\" srcset=\"https:\/\/dr-odenwald.de\/wp-content\/uploads\/2022\/03\/Empfang_0_Panorama-1-1024x600.jpg 1024w, https:\/\/dr-odenwald.de\/wp-content\/uploads\/2022\/03\/Empfang_0_Panorama-1-300x176.jpg 300w, https:\/\/dr-odenwald.de\/wp-content\/uploads\/2022\/03\/Empfang_0_Panorama-1-768x450.jpg 768w, https:\/\/dr-odenwald.de\/wp-content\/uploads\/2022\/03\/Empfang_0_Panorama-1-1536x901.jpg 1536w, https:\/\/dr-odenwald.de\/wp-content\/uploads\/2022\/03\/Empfang_0_Panorama-1-2048x1201.jpg 2048w\" sizes=\"(max-width: 1024px) 100vw, 1024px\" \/><\/figure>\n\n\n\n<figure class=\"wp-block-image size-large is-style-rounded\"><img loading=\"lazy\" width=\"661\" height=\"1024\" data-id=\"328\"  src=\"https:\/\/dr-odenwald.de\/wp-content\/uploads\/2022\/03\/Flur_2-661x1024.jpg\" alt=\"\" class=\"wp-image-328\" srcset=\"https:\/\/dr-odenwald.de\/wp-content\/uploads\/2022\/03\/Flur_2-661x1024.jpg 661w, https:\/\/dr-odenwald.de\/wp-content\/uploads\/2022\/03\/Flur_2-194x300.jpg 194w, https:\/\/dr-odenwald.de\/wp-content\/uploads\/2022\/03\/Flur_2-768x1190.jpg 768w, https:\/\/dr-odenwald.de\/wp-content\/uploads\/2022\/03\/Flur_2-991x1536.jpg 991w, https:\/\/dr-odenwald.de\/wp-content\/uploads\/2022\/03\/Flur_2-1321x2048.jpg 1321w, https:\/\/dr-odenwald.de\/wp-content\/uploads\/2022\/03\/Flur_2.jpg 1613w\" sizes=\"(max-width: 661px) 100vw, 661px\" \/><\/figure>\n\n\n\n<figure class=\"wp-block-image size-large is-style-rounded\"><img loading=\"lazy\" width=\"1024\" height=\"933\" data-id=\"327\"  src=\"https:\/\/dr-odenwald.de\/wp-content\/uploads\/2022\/03\/roentgen-1024x933.jpg\" alt=\"\" class=\"wp-image-327\" srcset=\"https:\/\/dr-odenwald.de\/wp-content\/uploads\/2022\/03\/roentgen-1024x933.jpg 1024w, https:\/\/dr-odenwald.de\/wp-content\/uploads\/2022\/03\/roentgen-300x273.jpg 300w, https:\/\/dr-odenwald.de\/wp-content\/uploads\/2022\/03\/roentgen-768x699.jpg 768w, https:\/\/dr-odenwald.de\/wp-content\/uploads\/2022\/03\/roentgen-1536x1399.jpg 1536w, https:\/\/dr-odenwald.de\/wp-content\/uploads\/2022\/03\/roentgen-2048x1865.jpg 2048w\" sizes=\"(max-width: 1024px) 100vw, 1024px\" \/><\/figure>\n\n\n\n<figure class=\"wp-block-image size-large is-style-rounded\"><img loading=\"lazy\" width=\"683\" height=\"1024\" data-id=\"331\"  src=\"https:\/\/dr-odenwald.de\/wp-content\/uploads\/2022\/03\/Ultraschallgeraet-683x1024.jpg\" alt=\"\" class=\"wp-image-331\" srcset=\"https:\/\/dr-odenwald.de\/wp-content\/uploads\/2022\/03\/Ultraschallgeraet-683x1024.jpg 683w, https:\/\/dr-odenwald.de\/wp-content\/uploads\/2022\/03\/Ultraschallgeraet-200x300.jpg 200w, https:\/\/dr-odenwald.de\/wp-content\/uploads\/2022\/03\/Ultraschallgeraet-768x1152.jpg 768w, https:\/\/dr-odenwald.de\/wp-content\/uploads\/2022\/03\/Ultraschallgeraet-1024x1536.jpg 1024w, https:\/\/dr-odenwald.de\/wp-content\/uploads\/2022\/03\/Ultraschallgeraet-1366x2048.jpg 1366w, https:\/\/dr-odenwald.de\/wp-content\/uploads\/2022\/03\/Ultraschallgeraet.jpg 1667w\" sizes=\"(max-width: 683px) 100vw, 683px\" \/><\/figure>\n\n\n\n<figure class=\"wp-block-image size-large is-style-rounded\"><img loading=\"lazy\" width=\"683\" height=\"1024\" data-id=\"326\"  src=\"https:\/\/dr-odenwald.de\/wp-content\/uploads\/2022\/03\/Wartezimmer-6-683x1024.jpg\" alt=\"\" class=\"wp-image-326\" srcset=\"https:\/\/dr-odenwald.de\/wp-content\/uploads\/2022\/03\/Wartezimmer-6-683x1024.jpg 683w, https:\/\/dr-odenwald.de\/wp-content\/uploads\/2022\/03\/Wartezimmer-6-200x300.jpg 200w, https:\/\/dr-odenwald.de\/wp-content\/uploads\/2022\/03\/Wartezimmer-6-768x1152.jpg 768w, https:\/\/dr-odenwald.de\/wp-content\/uploads\/2022\/03\/Wartezimmer-6-1024x1536.jpg 1024w, https:\/\/dr-odenwald.de\/wp-content\/uploads\/2022\/03\/Wartezimmer-6-1366x2048.jpg 1366w, https:\/\/dr-odenwald.de\/wp-content\/uploads\/2022\/03\/Wartezimmer-6.jpg 1667w\" sizes=\"(max-width: 683px) 100vw, 683px\" \/><\/figure>\n<\/figure>\n","protected":false},"excerpt":{"rendered":"<p>In den wundersch\u00f6nen R\u00e4umen finden Sie alle relevanten technischen Ger\u00e4te, um Ihnen eine zielgerichtete Untersuchung und Therapie zu erm\u00f6glichen.<\/p>\n","protected":false},"author":1,"featured_media":334,"parent":0,"menu_order":0,"comment_status":"closed","ping_status":"closed","template":"","meta":[],"_links":{"self":[{"href":"https:\/\/dr-odenwald.de\/index.php?rest_route=\/wp\/v2\/pages\/14"}],"collection":[{"href":"https:\/\/dr-odenwald.de\/index.php?rest_route=\/wp\/v2\/pages"}],"about":[{"href":"https:\/\/dr-odenwald.de\/index.php?rest_route=\/wp\/v2\/types\/page"}],"author":[{"embeddable":true,"href":"https:\/\/dr-odenwald.de\/index.php?rest_route=\/wp\/v2\/users\/1"}],"replies":[{"embeddable":true,"href":"https:\/\/dr-odenwald.de\/index.php?rest_route=%2Fwp%2Fv2%2Fcomments&post=14"}],"version-history":[{"count":4,"href":"https:\/\/dr-odenwald.de\/index.php?rest_route=\/wp\/v2\/pages\/14\/revisions"}],"predecessor-version":[{"id":336,"href":"https:\/\/dr-odenwald.de\/index.php?rest_route=\/wp\/v2\/pages\/14\/revisions\/336"}],"wp:featuredmedia":[{"embeddable":true,"href":"https:\/\/dr-odenwald.de\/index.php?rest_route=\/wp\/v2\/media\/334"}],"wp:attachment":[{"href":"https:\/\/dr-odenwald.de\/index.php?rest_route=%2Fwp%2Fv2%2Fmedia&parent=14"}],"curies":[{"name":"wp","href":"https:\/\/api.w.org\/{rel}","templated":true}]}}