{"id":1550,"date":"2022-05-10T20:39:40","date_gmt":"2022-05-10T20:39:40","guid":{"rendered":"https:\/\/dr-odenwald.de\/?page_id=1550"},"modified":"2022-05-11T17:50:21","modified_gmt":"2022-05-11T17:50:21","slug":"dr-steffen-odenwald-vita","status":"publish","type":"page","link":"https:\/\/dr-odenwald.de\/?page_id=1550","title":{"rendered":"Dr. Steffen Odenwald &#8211; Vita"},"content":{"rendered":"\n<h3>Pers\u00f6nliche Daten&nbsp;&nbsp;&nbsp;&nbsp;&nbsp;&nbsp;&nbsp;&nbsp;&nbsp;&nbsp;&nbsp;&nbsp;&nbsp;&nbsp;&nbsp;&nbsp;&nbsp;&nbsp;<\/h3>\n\n\n\n<p>Name: Dr. med. Steffen Odenwald<br>Geburtstag: 22. Juni 1974<br>Geburtsort: B\u00f6blingen<br>Familienstand: verheiratet, 3 Kinder<br>Konfession: evangelisch<\/p>\n\n\n\n<h3>Hochschulausbildung&nbsp;&nbsp;&nbsp;&nbsp;&nbsp;&nbsp;&nbsp;&nbsp;&nbsp;&nbsp;&nbsp;&nbsp;&nbsp;<\/h3>\n\n\n\n<p>April 1996<br>Medizinstudium an der Johannes Gutenberg-Universit\u00e4t Mainz<\/p>\n\n\n\n<p>Okt. 2002<br>3. Staatsexamen<br>Praktisches Jahr&nbsp;&nbsp;&nbsp;&nbsp;&nbsp;&nbsp;&nbsp;&nbsp;&nbsp;&nbsp;&nbsp;&nbsp;&nbsp;&nbsp;&nbsp;&nbsp;&nbsp;&nbsp;&nbsp;&nbsp;&nbsp;<\/p>\n\n\n\n<p>Okt. 2001 \u2013 Feb. 2002<br>Innere Medizin, 1. Medizinische Abteilung, Krankenhaus der Barmherzigen Br\u00fcder Trier, Chefarzt: Prof. Dr. med. C. K\u00f6lbel<\/p>\n\n\n\n<p>Feb. \u2013 Juni 2002<br>Orthop\u00e4dische Chirurgie, Insel Spital, Bern, \u00c4rztlicher Direktor: Prof. Dr. med. R. Ganz<\/p>\n\n\n\n<p>Juni \u2013 Sept. 2002<br>Chirurgie, SUNY Downstate Medical Center, Brooklyn, New York, USA, \u00c4rztlicher Direktor: Bruce Sommer, M.D.<\/p>\n\n\n\n<h3>Promotion&nbsp;&nbsp;&nbsp;&nbsp;&nbsp;&nbsp;&nbsp;&nbsp;&nbsp;&nbsp;&nbsp;&nbsp;&nbsp;&nbsp;&nbsp;&nbsp;&nbsp;&nbsp;&nbsp;&nbsp;&nbsp;&nbsp;&nbsp;&nbsp;&nbsp;&nbsp;&nbsp;&nbsp;&nbsp;&nbsp;&nbsp;<\/h3>\n\n\n\n<p>19. Juli 2005<br>Osteoporoseinzidenz bei Arthrose \u2013 Evaluation und Methodenvergleich zur Untersuchung der Knochenqualit\u00e4t<br>Doktormutter: Frau Prof. Dr. med. A. Eckardt, Orthop\u00e4dische Klinik der Johannes Gutenberg \u2013Universit\u00e4t Mainz<\/p>\n\n\n\n<p>Pr\u00e4dikat: cum laude<\/p>\n\n\n\n<h3><em>Beruflicher Werdegang&nbsp;&nbsp;&nbsp;&nbsp;&nbsp;&nbsp;&nbsp;&nbsp;&nbsp;&nbsp;&nbsp;<\/em><\/h3>\n\n\n\n<p>17. Feb. \u2013 31. Aug. 2003<br>Arzt im Praktikum, Unfallchirurgische Abteilung, Kreiskrankenhaus B\u00f6blingen<br>Chefarzt: Dr. med. D. Oltzscher\u00a0<\/p>\n\n\n\n<p>Sept. 2003 \u2013 30. Sept. 2005\u00a0\u00a0\u00a0\u00a0\u00a0\u00a0\u00a0 <br>Arzt im Praktikum und Assistenzarzt, Sportklinik Stuttgart\u00a0<br>Chef\u00e4rzte: Prof. Dr. med. G. Bauer, Prof. Dr. med. Dr. h.c. K. Steinbr\u00fcck<\/p>\n\n\n\n<p>Okt. 2005 \u2013 30. Juli 2009<br>Assistenzarzt, Orthop\u00e4dische Klinik Paulinenhilfe im Diakonie-Klinikum Stuttgart\u00a0<br>\u00c4rztlicher Direktor: Prof. Dr. med. G. Aldinger<\/p>\n\n\n\n<p>25. Febr. 2009<br>Zusatzbezeichnung Chirotherapie\u00a0\u00a0\u00a0\u00a0\u00a0\u00a0\u00a0\u00a0\u00a0\u00a0\u00a0\u00a0\u00a0\u00a0\u00a0\u00a0\u00a0\u00a0\u00a0\u00a0\u00a0\u00a0\u00a0\u00a0\u00a0\u00a0\u00a0\u00a0\u00a0\u00a0<\/p>\n\n\n\n<p>22. Juli 2009<br>Facharzt f\u00fcr Orthop\u00e4die<\/p>\n\n\n\n<p>1. Aug. 2009 &#8211; 31. Dez. 2012<br>Oberarzt, Sektion Sport- und Schulterchirurgie, Orthop\u00e4dische Klinik Paulinenhilfe im Diakonie-Klinikum Stuttgart\u00a0<br>Sektionsleiter: Dr. med. J. Gr\u00f6ber<br>\u00c4rztlicher Direktor: Prof. Dr. med. P. Aldinger\u00a0<\/p>\n\n\n\n<p>1. Jan 2013 \u2013 31. M\u00e4rz 2015<br>Leitender Oberarzt, Sektion Unfallchirurgie, Orthop\u00e4dische Klinik Paulinenhilfe im Diakonie-Klinikum Stuttgart\u00a0<br>\u00c4rztlicher Leiter: Dr. med. S. Wiedmaier<\/p>\n\n\n\n<p>1. April 2015 \u2013 31. Dez. 2015<br>Leitender Oberarzt, Zentrum f\u00fcr Orthop\u00e4die und Unfallchirurgie, Orthop\u00e4dische Klinik Paulinenhilfe im Diakonie-Klinikum Stuttgart\u00a0<br>Chef\u00e4rzte: Drs. med. J. Gr\u00f6ber, M. Hoyer, S. Wiedmaier<\/p>\n\n\n\n<p>1. Jan. 2016 \u2013 31. Dez. 2017<br>Angestellter Arzt im MVZ Schelztorklinik\u00a0<br>Leitende \u00c4rzte: Dr. H. Brehme, Dr. W. Reithmeier, Dr. R. Seiz<\/p>\n\n\n\n<p>1. Jan. \u2013 31. Dez. 2018<br>\u00dcbernahme der Praxis Dr. Ulrich Pfeil als niedergelassener Orthop\u00e4de und Unfallchirurg, Waldburgstr. 23, 70563 Stuttgart-Vaihingen<\/p>\n\n\n\n<p>Seit 1. Januar 2019<br>Beginn der T\u00e4tigkeit als niedergelassener Orthop\u00e4de und Unfallchirurg, Augsburger Str. 670, 70329 Stuttgart-Obert\u00fcrkheim<\/p>\n\n\n\n<h3><em>Berufliche Aktivit\u00e4ten<\/em><\/h3>\n\n\n\n<p>2008 bis 2015<br>Verantwortliches Mitglied der Paulinenhilfe im Qualit\u00e4ts-management im Diakonie-Klinikum Stuttgart\u00a0<\/p>\n\n\n\n<p>2010 bis 2015<br>Verantwortlicher f\u00fcr die Ausbildung und Unterrichtung der PJ-Studenten in der Paulinenhilfe\u00a0<\/p>\n\n\n\n<p>Jan 2015<br>Zertifikat als Schulter- und Ellenbogenchirurg der Deutschen Vereinigung f\u00fcr Schulter- und Ellenbogenchirurgie (DVSE)<\/p>\n\n\n\n<h3><em>Au\u00dferordentliche Aktivit\u00e4ten<\/em><\/h3>\n\n\n\n<p>Okt. 2003 \u2013 Aug. 2004<br>Mannschaftsarzt Stuttgart Wizards, Eishockey Oberliga<\/p>\n\n\n\n<p>Aug. 2004 \u2013 Sept. 2005<br>Mannschaftsarzt EnBW Ludwigsburg, 1. Bundesliga Basketball<\/p>\n\n\n\n<p>Mai\u00a0 2005 \u2013 Dez. 2014<br>Lehrauftrag f\u00fcr Orthop\u00e4die, Verband f\u00fcr Physiotherapie Fellbach, Leitung: R. Nolte<\/p>\n\n\n\n<p>Okt 2008 &#8211; Dez 2015<br>Lehrauftrag f\u00fcr Orthop\u00e4die, Physiotherapie Schule Stuttgart, Leitung: K. Hechel<\/p>\n\n\n\n<h3><em>Hobbies\u00a0\u00a0\u00a0\u00a0\u00a0\u00a0\u00a0\u00a0\u00a0\u00a0\u00a0\u00a0\u00a0\u00a0\u00a0\u00a0\u00a0\u00a0\u00a0\u00a0\u00a0\u00a0\u00a0\u00a0\u00a0\u00a0\u00a0\u00a0\u00a0\u00a0\u00a0\u00a0\u00a0\u00a0<\/em><\/h3>\n\n\n\n<ul><li>Garten<\/li><li>Ski<\/li><\/ul>\n\n\n\n<h3><em>Mitgliedschaften\u00a0\u00a0\u00a0\u00a0\u00a0\u00a0\u00a0\u00a0\u00a0\u00a0\u00a0\u00a0\u00a0\u00a0\u00a0\u00a0\u00a0\u00a0\u00a0\u00a0<\/em><\/h3>\n\n\n\n<ul><li>Berufsverband f\u00fcr Orthop\u00e4die und Unfallchirurgie (BVOU)<\/li><li>Berufsverband f\u00fcr Arthroskopie (BVASK)<\/li><li>Deutsche Gesellschaft f\u00fcr Orthop\u00e4die und Orthop\u00e4dische Chirurgie (DGOOC)<\/li><li>Deutsche Vereinigung f\u00fcr Schulter- und Ellbogenchirurgie (DVSE)<\/li><li>Gesellschaft f\u00fcr Arthroskopie und Gelenkchirurgie (AGA)<\/li><\/ul>\n","protected":false},"excerpt":{"rendered":"<p>Pers\u00f6nliche Daten&nbsp;&nbsp;&nbsp;&nbsp;&nbsp;&nbsp;&nbsp;&nbsp;&nbsp;&nbsp;&nbsp;&nbsp;&nbsp;&nbsp;&nbsp;&nbsp;&nbsp;&nbsp; Name: Dr. med. Steffen OdenwaldGeburtstag: 22. Juni 1974Geburtsort: B\u00f6blingenFamilienstand: verheiratet, 3 KinderKonfession: evangelisch Hochschulausbildung&nbsp;&nbsp;&nbsp;&nbsp;&nbsp;&nbsp;&nbsp;&nbsp;&nbsp;&nbsp;&nbsp;&nbsp;&nbsp; April 1996Medizinstudium an der Johannes Gutenberg-Universit\u00e4t Mainz Okt. 20023. StaatsexamenPraktisches Jahr&nbsp;&nbsp;&nbsp;&nbsp;&nbsp;&nbsp;&nbsp;&nbsp;&nbsp;&nbsp;&nbsp;&nbsp;&nbsp;&nbsp;&nbsp;&nbsp;&nbsp;&nbsp;&nbsp;&nbsp;&nbsp; Okt. 2001 \u2013 Feb. 2002Innere Medizin, 1. Medizinische Abteilung, Krankenhaus der Barmherzigen Br\u00fcder Trier, Chefarzt: Prof. Dr. med. C. K\u00f6lbel Feb. \u2013 Juni 2002Orthop\u00e4dische Chirurgie, Insel Spital, Bern, [&hellip;]<\/p>\n","protected":false},"author":1,"featured_media":288,"parent":0,"menu_order":0,"comment_status":"closed","ping_status":"closed","template":"","meta":[],"_links":{"self":[{"href":"https:\/\/dr-odenwald.de\/index.php?rest_route=\/wp\/v2\/pages\/1550"}],"collection":[{"href":"https:\/\/dr-odenwald.de\/index.php?rest_route=\/wp\/v2\/pages"}],"about":[{"href":"https:\/\/dr-odenwald.de\/index.php?rest_route=\/wp\/v2\/types\/page"}],"author":[{"embeddable":true,"href":"https:\/\/dr-odenwald.de\/index.php?rest_route=\/wp\/v2\/users\/1"}],"replies":[{"embeddable":true,"href":"https:\/\/dr-odenwald.de\/index.php?rest_route=%2Fwp%2Fv2%2Fcomments&post=1550"}],"version-history":[{"count":2,"href":"https:\/\/dr-odenwald.de\/index.php?rest_route=\/wp\/v2\/pages\/1550\/revisions"}],"predecessor-version":[{"id":1557,"href":"https:\/\/dr-odenwald.de\/index.php?rest_route=\/wp\/v2\/pages\/1550\/revisions\/1557"}],"wp:featuredmedia":[{"embeddable":true,"href":"https:\/\/dr-odenwald.de\/index.php?rest_route=\/wp\/v2\/media\/288"}],"wp:attachment":[{"href":"https:\/\/dr-odenwald.de\/index.php?rest_route=%2Fwp%2Fv2%2Fmedia&parent=1550"}],"curies":[{"name":"wp","href":"https:\/\/api.w.org\/{rel}","templated":true}]}}