{"id":1592,"date":"2024-06-06T10:30:10","date_gmt":"2024-06-06T10:30:10","guid":{"rendered":"https:\/\/dr-odenwald.de\/?page_id=1592"},"modified":"2024-06-20T08:32:12","modified_gmt":"2024-06-20T08:32:12","slug":"online-termine","status":"publish","type":"page","link":"https:\/\/dr-odenwald.de\/?page_id=1592","title":{"rendered":"Online Termine"},"content":{"rendered":"\n<p>Sehr geehrte Patienten! <\/p>\n\n\n\n<p><strong><mark style=\"background-color:rgba(0, 0, 0, 0)\" class=\"has-inline-color has-vivid-cyan-blue-color\">Bitte beachten Sie folgende Hinweise:<\/mark><\/strong><\/p>\n\n\n\n<p>Es ist nur <em>eine<\/em> Buchung <em>pro Person<\/em> m\u00f6glich!<\/p>\n\n\n\n<p>Hier ist <strong><mark style=\"background-color:rgba(0, 0, 0, 0)\" class=\"has-inline-color has-luminous-vivid-orange-color\">KEINE<\/mark><\/strong> Terminvergabe m\u00f6glich f\u00fcr<\/p>\n\n\n\n<ul><li><strong>MRT Besprechungen<\/strong><\/li><li>Operationen<\/li><li>Postoperativen Ma\u00dfnahmen<\/li><li>Infiltrationen<\/li><li>Facetteninfiltrationen<\/li><li>DXA Messungen<\/li><li>Sto\u00dfwellenbehandlungen<\/li><li>Akupunkturen<\/li><li>Magnetfeldtherapien<\/li><li>Blutabnahmen<\/li><\/ul>\n\n\n\n<p><strong>Diese Termine k\u00f6nnen nur telefonisch vereinbart werden!<\/strong><\/p>\n\n\n\n<p>Bitte achten Sie auf die korrekte Eingabe Ihrer Email-Adresse, Sie erhalten dorthin eine Terminbest\u00e4tigung. <\/p>\n\n\n\n<p>Bitte legen Sie diese Terminbest\u00e4tigung bei Ihrem Termin vor.<\/p>\n\n\n\n<p>Bitte bringen Sie eventuelle Vorbefunde, R\u00f6ntgenbilder oder MRTs zu ihrem Termin mit.<\/p>\n\n\n\n<p><mark style=\"background-color:rgba(0, 0, 0, 0)\" class=\"has-inline-color has-vivid-cyan-blue-color\"><strong><em>Falls die angebotenen Termine f\u00fcr Sie nicht passen, empfehlen wir, telefonisch einen Termin zu vereinbaren. Nur ein Teil unserer Termine steht online zur Verf\u00fcgung.<\/em><\/strong><\/mark><\/p>\n\n\n\n<iframe frameborder=\"0\" style=\"float: left; width: 100%; height: 800px; border: 0px none; padding: 0px;\" src=\"termine\/praxistermine.php\">\n<\/iframe>\n\n\n\n<p><\/p>\n","protected":false},"excerpt":{"rendered":"<p>Sehr geehrte Patienten! Bitte beachten Sie folgende Hinweise: Es ist nur eine Buchung pro Person m\u00f6glich! Hier ist KEINE Terminvergabe m\u00f6glich f\u00fcr MRT Besprechungen Operationen Postoperativen Ma\u00dfnahmen Infiltrationen Facetteninfiltrationen DXA Messungen Sto\u00dfwellenbehandlungen Akupunkturen Magnetfeldtherapien Blutabnahmen Diese Termine k\u00f6nnen nur telefonisch vereinbart werden! Bitte achten Sie auf die korrekte Eingabe Ihrer Email-Adresse, Sie erhalten dorthin eine [&hellip;]<\/p>\n","protected":false},"author":1,"featured_media":268,"parent":0,"menu_order":0,"comment_status":"closed","ping_status":"closed","template":"","meta":[],"_links":{"self":[{"href":"https:\/\/dr-odenwald.de\/index.php?rest_route=\/wp\/v2\/pages\/1592"}],"collection":[{"href":"https:\/\/dr-odenwald.de\/index.php?rest_route=\/wp\/v2\/pages"}],"about":[{"href":"https:\/\/dr-odenwald.de\/index.php?rest_route=\/wp\/v2\/types\/page"}],"author":[{"embeddable":true,"href":"https:\/\/dr-odenwald.de\/index.php?rest_route=\/wp\/v2\/users\/1"}],"replies":[{"embeddable":true,"href":"https:\/\/dr-odenwald.de\/index.php?rest_route=%2Fwp%2Fv2%2Fcomments&post=1592"}],"version-history":[{"count":6,"href":"https:\/\/dr-odenwald.de\/index.php?rest_route=\/wp\/v2\/pages\/1592\/revisions"}],"predecessor-version":[{"id":1622,"href":"https:\/\/dr-odenwald.de\/index.php?rest_route=\/wp\/v2\/pages\/1592\/revisions\/1622"}],"wp:featuredmedia":[{"embeddable":true,"href":"https:\/\/dr-odenwald.de\/index.php?rest_route=\/wp\/v2\/media\/268"}],"wp:attachment":[{"href":"https:\/\/dr-odenwald.de\/index.php?rest_route=%2Fwp%2Fv2%2Fmedia&parent=1592"}],"curies":[{"name":"wp","href":"https:\/\/api.w.org\/{rel}","templated":true}]}}