{"id":262,"date":"2022-03-16T17:00:03","date_gmt":"2022-03-16T17:00:03","guid":{"rendered":"http:\/\/dr-odenwald.de\/?page_id=262"},"modified":"2022-03-16T22:52:52","modified_gmt":"2022-03-16T22:52:52","slug":"impressum","status":"publish","type":"page","link":"https:\/\/dr-odenwald.de\/?page_id=262","title":{"rendered":"Impressum"},"content":{"rendered":"\n<h3>Haftungsbeschr\u00e4nkung<\/h3>\n\n\n\n<p>Die Inhalte dieser Website werden mit gr\u00f6\u00dftm\u00f6glicher Sorgfalt erstellt. Der Anbieter \u00fcbernimmt jedoch keine Gew\u00e4hr f\u00fcr die Richtigkeit, Vollst\u00e4ndigkeit und Aktualit\u00e4t der bereitgestellten Inhalte. Die Nutzung der Inhalte der Website erfolgt auf eigene Gefahr des Nutzers. Mit der reinen Nutzung der Website des Anbieters kommt keinerlei Vertragsverh\u00e4ltnis zwischen dem Nutzer und dem Anbieter zustande.<\/p>\n\n\n\n<h3>Externe Links<\/h3>\n\n\n\n<p>Diese Website enth\u00e4lt Verkn\u00fcpfungen zu Websites Dritter (\u201eexterne Links\u201c). Diese Websites unterliegen der Haftung der jeweiligen Betreiber. Der Anbieter hat bei der erstmaligen Verkn\u00fcpfung der externen Links die fremden Inhalte daraufhin \u00fcberpr\u00fcft, ob etwaige Rechtsverst\u00f6\u00dfe bestehen. Zu dem Zeitpunkt waren keine Rechtsverst\u00f6\u00dfe ersichtlich. Der Anbieter hat keinerlei Einfluss auf die aktuelle und zuk\u00fcnftige Gestaltung und auf die Inhalte der verkn\u00fcpften Seiten. Das Setzen von externen Links bedeutet nicht, dass sich der Anbieter die hinter dem Verweis oder Link liegenden Inhalte zu Eigen macht. Eine st\u00e4ndige Kontrolle der externen Links ist f\u00fcr den Anbieter ohne konkrete Hinweise auf Rechtsverst\u00f6\u00dfe nicht zumutbar. Bei Kenntnis von Rechtsverst\u00f6\u00dfen werden jedoch derartige externe Links unverz\u00fcglich gel\u00f6scht.<\/p>\n\n\n\n<h3>Urheber- und Leistungsschutzrechte<\/h3>\n\n\n\n<p>Die auf dieser Website ver\u00f6ffentlichten Inhalte unterliegen dem deutschen Urheber- und Leistungsschutzrecht. Jede vom deutschen Urheber- und Leistungsschutzrecht nicht zugelassene Verwertung bedarf der vorherigen schriftlichen Zustimmung des Anbieters. Dies gilt insbesondere f\u00fcr Vervielf\u00e4ltigung, Bearbeitung, \u00dcbersetzung, Einspeicherung, Verarbeitung bzw. Wiedergabe von Inhalten in Datenbanken oder anderen elektronischen Medien und Systemen. Inhalte und Rechte Dritter sind dabei als solche gekennzeichnet. Die unerlaubte Vervielf\u00e4ltigung oder Weitergabe einzelner Inhalte oder kompletter Seiten ist nicht gestattet und strafbar. Lediglich die Herstellung von Kopien und Downloads f\u00fcr den pers\u00f6nlichen, privaten und nicht kommerziellen Gebrauch ist erlaubt.<\/p>\n\n\n\n<h3>Angaben gem\u00e4ss \u00a7 5 TMG:<\/h3>\n\n\n\n<p>Praxis Dr. med. Steffen Odenwald<br>Augsburger Stra\u00dfe 670<br>70329 Stuttgart<\/p>\n\n\n\n<h3>Berufsbezeichnung und Berufsrechtliche Regelungen<\/h3>\n\n\n\n<p>Berufsbezeichnung: Facharzt f\u00fcr Orthop\u00e4die und Unfallchirurgie<br>Facharzt f\u00fcr Orthop\u00e4die<br>Zusatzbezeichnung\u00a0Akupunktur und Manuelle Medizin<br>Zertifizierter Schulter- und Ellenbogenchirurg (DVSE)<\/p>\n\n\n\n<p>Berufsbezeichnung: Zahn\u00e4rztin (verliehen in der Bundesrepublik Deutschland)<br>Zust\u00e4ndige Kammer: Bezirks\u00e4rztekammer Nord-W\u00fcrttemberg<br>Verliehen durch: Bundesrepublik Deutschland<\/p>\n\n\n\n<p>Es gelten folgende berufsrechtliche Regelungen:<br>&#8211; Heilkundegesetz<br>&#8211; Geb\u00fchrenordnung f\u00fcr \u00c4rzte<br>&#8211; Berufsordnung der Landes\u00e4rztekammer Baden-W\u00fcrttemberg <\/p>\n\n\n\n<p>(<em>Diese Regelungen k\u00f6nnen in der aktuellsten Fassung auf dem Auftritt der\u00a0Landes\u00e4rztekammer Baden-W\u00fcrttemberg unter der Internetadresse\u00a0<a rel=\"noreferrer noopener\" class=\"\" href=\"http:\/\/www.aerztekammer-bw.de\/\" target=\"_blank\">www.aerztekammer-bw.de<\/a>\u00a0eingesehen werden.)<\/em><\/p>\n\n\n\n<h3>Zust\u00e4ndige Aufsichtsbeh\u00f6rden:<\/h3>\n\n\n\n<p><em>Kassen\u00e4rztliche Vereinigung Baden-W\u00fcrttemberg<br class=\"\">Albstadtweg 11, 70567 Stuttgart<br class=\"\"><a href=\"http:\/\/www.kvbawue.de\/\" target=\"_blank\" rel=\"noreferrer noopener\" class=\"\">http:\/\/www.kvbawue.de<\/a><\/em><\/p>\n\n\n\n<p><em>Landes\u00e4rztekammer Baden-W\u00fcrttemberg<br class=\"\">Jahnstra\u00dfe 40, 70597 Stuttgart<br class=\"\"><a href=\"http:\/\/www.aerztekammer-bw.de\/\" target=\"_blank\" rel=\"noreferrer noopener\" class=\"\">http:\/\/www.aerztekammer-bw.de<\/a><\/em><\/p>\n\n\n\n<h3>Verantwortlich f\u00fcr den Inhalt nach \u00a7 55 ABS. 2 RSTV:<\/h3>\n\n\n\n<p>Dr. med. Steffen Odenwald<\/p>\n\n\n\n<h3>Haftung f\u00fcr Inhalte<\/h3>\n\n\n\n<p>Als Diensteanbieter sind wir gem\u00e4\u00df \u00a7 7 Abs.1 TMG f\u00fcr eigene Inhalte auf diesen Seiten nach den allgemeinen Gesetzen verantwortlich. Nach \u00a7\u00a7 8 bis 10 TMG sind wir als Diensteanbieter jedoch nicht verpflichtet, \u00fcbermittelte oder gespeicherte fremde Informationen zu \u00fcberwachen oder nach Umst\u00e4nden zu forschen, die auf eine rechtswidrige T\u00e4tigkeit hinweisen.<\/p>\n\n\n\n<p>Verpflichtungen zur Entfernung oder Sperrung der Nutzung von Informationen nach den allgemeinen Gesetzen bleiben hiervon unber\u00fchrt. Eine diesbez\u00fcgliche Haftung ist jedoch erst ab dem Zeitpunkt der Kenntnis einer konkreten Rechtsverletzung m\u00f6glich. Bei Bekanntwerden von entsprechenden Rechtsverletzungen werden wir diese Inhalte umgehend entfernen.<\/p>\n\n\n\n<h3>Konzept\/Design, Programmierung, Suchmaschinenoptimierung<\/h3>\n\n\n\n<p>Die Homepage&nbsp;<a href=\"http:\/\/www.dr-odenwald.de\/\">www.dr-odenwald.de<\/a>&nbsp;wurde von Jahn Schlosser (<a href=\"http:\/\/www.jahnschlosser.com\/\">www.jahnschlosser.com<\/a>) umgesetzt. Jahn Schlosser bietet Ihnen Entwicklung und Programmierung, Design und Konzeption sowie Projektmanagement, Suchmaschinenoptimierung und Redaktion f\u00fcr Internetauftritte und Webanwendungen an.<\/p>\n","protected":false},"excerpt":{"rendered":"<p>Haftungsbeschr\u00e4nkung Die Inhalte dieser Website werden mit gr\u00f6\u00dftm\u00f6glicher Sorgfalt erstellt. Der Anbieter \u00fcbernimmt jedoch keine Gew\u00e4hr f\u00fcr die Richtigkeit, Vollst\u00e4ndigkeit und Aktualit\u00e4t der bereitgestellten Inhalte. Die Nutzung der Inhalte der Website erfolgt auf eigene Gefahr des Nutzers. Mit der reinen Nutzung der Website des Anbieters kommt keinerlei Vertragsverh\u00e4ltnis zwischen dem Nutzer und dem Anbieter zustande. [&hellip;]<\/p>\n","protected":false},"author":1,"featured_media":266,"parent":0,"menu_order":0,"comment_status":"closed","ping_status":"closed","template":"","meta":[],"_links":{"self":[{"href":"https:\/\/dr-odenwald.de\/index.php?rest_route=\/wp\/v2\/pages\/262"}],"collection":[{"href":"https:\/\/dr-odenwald.de\/index.php?rest_route=\/wp\/v2\/pages"}],"about":[{"href":"https:\/\/dr-odenwald.de\/index.php?rest_route=\/wp\/v2\/types\/page"}],"author":[{"embeddable":true,"href":"https:\/\/dr-odenwald.de\/index.php?rest_route=\/wp\/v2\/users\/1"}],"replies":[{"embeddable":true,"href":"https:\/\/dr-odenwald.de\/index.php?rest_route=%2Fwp%2Fv2%2Fcomments&post=262"}],"version-history":[{"count":3,"href":"https:\/\/dr-odenwald.de\/index.php?rest_route=\/wp\/v2\/pages\/262\/revisions"}],"predecessor-version":[{"id":366,"href":"https:\/\/dr-odenwald.de\/index.php?rest_route=\/wp\/v2\/pages\/262\/revisions\/366"}],"wp:featuredmedia":[{"embeddable":true,"href":"https:\/\/dr-odenwald.de\/index.php?rest_route=\/wp\/v2\/media\/266"}],"wp:attachment":[{"href":"https:\/\/dr-odenwald.de\/index.php?rest_route=%2Fwp%2Fv2%2Fmedia&parent=262"}],"curies":[{"name":"wp","href":"https:\/\/api.w.org\/{rel}","templated":true}]}}