{"id":41,"date":"2019-01-10T20:42:44","date_gmt":"2019-01-10T20:42:44","guid":{"rendered":"http:\/\/dr-odenwald.de\/?page_id=41"},"modified":"2019-01-21T21:20:54","modified_gmt":"2019-01-21T21:20:54","slug":"schulter","status":"publish","type":"page","link":"https:\/\/dr-odenwald.de\/?page_id=41","title":{"rendered":"Schulter"},"content":{"rendered":"\n<p><strong>Sehnenri\u00df:\u00a0\u00a0<\/strong><br>Rekonstruktionen der Rotatorenmanschette arthroskopisch (minimal Invasiv) und offen (Naht der Sehnen die den Oberarmkopf antreiben und zentrieren)\u00a0<br> \u00a0<br><strong>Engpasssyndrom:\u00a0<\/strong><br>Arthroskopische (minimal Invasiv) subacromiale Dekompressionen (Erweiterung des Raumes unter dem Schulterdach)\u00a0<br> \u00a0<br><strong>Kalkschulter:\u00a0<\/strong><br>Arthroskopische Entfernung eines Kalkdepots bei einer Kalkschulter\u00a0<br> \u00a0<br><strong>Schulterinstabilit\u00e4t:\u00a0<\/strong><br>Schulterstabilisierungen: Arthroskopische (minimal Invasiv) Stabilisierung der Schulter nach einer Schulterverrenkung\/luxation.\u00a0\u00a0<br> \u00a0<br><strong>Schultereckgelenksinstabilit\u00e4t:\u00a0<\/strong><br>Arthroskopische oder offene Stabilisierung des Eckgelenkes mittels Fadensystem und\/oder k\u00f6rpereigener Sehne (lange Bizepssehne).\u00a0<br> \u00a0<br><strong>Schultersteife:\u00a0\u00a0<\/strong><br>Arthroskopisch assistierte Mobilisierung des Schultergelenkes\u00a0<br> \u00a0<br><strong>Schultereckgelenksarthrose:\u00a0<\/strong><br>Arthroskopische oder offene Resektion des Schultereckgelenkes\u00a0<br> \u00a0<br><strong>Verletzung oder Verschlei\u00df der langen Bizepssehne:\u00a0\u00a0<\/strong><br>Arthroskopische Durchtrennung der Sehne oder Refixation der Sehne\u00a0<br> \u00a0<br><strong>Schulterarthrose:\u00a0<\/strong><br>Arthoskopische Mobilisierung, Knorpelgl\u00e4ttung und Sp\u00fclung des Gelenkes K\u00fcnstlicher Gelenkersatz: Schulterendoprothetik anatomisch und invers\u00a0<br> \u00a0<br><strong>Nach einem Knochenbruch im Bereich der Schulter:<\/strong>\u00a0\u00a0<br>Metallentfernungen:\u00a0<br>Nach operativer Versorgung eines Bruches werden die Implantate wie Dr\u00e4hte, Schrauben oder Platten in der Regel wieder entfernt. Dies kann an der Schulter auch gut arthroskopisch assistiert also minimal invasiv durchgef\u00fchrt werden.\u00a0<\/p>\n","protected":false},"excerpt":{"rendered":"<p>Sehnenri\u00df:\u00a0\u00a0Rekonstruktionen der Rotatorenmanschette arthroskopisch (minimal Invasiv) und offen (Naht der Sehnen die den Oberarmkopf antreiben und zentrieren)\u00a0 \u00a0Engpasssyndrom:\u00a0Arthroskopische (minimal Invasiv) subacromiale Dekompressionen (Erweiterung des Raumes unter dem Schulterdach)\u00a0 \u00a0Kalkschulter:\u00a0Arthroskopische Entfernung eines Kalkdepots bei einer Kalkschulter\u00a0 \u00a0Schulterinstabilit\u00e4t:\u00a0Schulterstabilisierungen: Arthroskopische (minimal Invasiv) Stabilisierung der Schulter nach einer Schulterverrenkung\/luxation.\u00a0\u00a0 \u00a0Schultereckgelenksinstabilit\u00e4t:\u00a0Arthroskopische oder offene Stabilisierung des Eckgelenkes mittels Fadensystem und\/oder k\u00f6rpereigener [&hellip;]<\/p>\n","protected":false},"author":1,"featured_media":0,"parent":37,"menu_order":0,"comment_status":"closed","ping_status":"closed","template":"","meta":[],"_links":{"self":[{"href":"https:\/\/dr-odenwald.de\/index.php?rest_route=\/wp\/v2\/pages\/41"}],"collection":[{"href":"https:\/\/dr-odenwald.de\/index.php?rest_route=\/wp\/v2\/pages"}],"about":[{"href":"https:\/\/dr-odenwald.de\/index.php?rest_route=\/wp\/v2\/types\/page"}],"author":[{"embeddable":true,"href":"https:\/\/dr-odenwald.de\/index.php?rest_route=\/wp\/v2\/users\/1"}],"replies":[{"embeddable":true,"href":"https:\/\/dr-odenwald.de\/index.php?rest_route=%2Fwp%2Fv2%2Fcomments&post=41"}],"version-history":[{"count":3,"href":"https:\/\/dr-odenwald.de\/index.php?rest_route=\/wp\/v2\/pages\/41\/revisions"}],"predecessor-version":[{"id":96,"href":"https:\/\/dr-odenwald.de\/index.php?rest_route=\/wp\/v2\/pages\/41\/revisions\/96"}],"up":[{"embeddable":true,"href":"https:\/\/dr-odenwald.de\/index.php?rest_route=\/wp\/v2\/pages\/37"}],"wp:attachment":[{"href":"https:\/\/dr-odenwald.de\/index.php?rest_route=%2Fwp%2Fv2%2Fmedia&parent=41"}],"curies":[{"name":"wp","href":"https:\/\/api.w.org\/{rel}","templated":true}]}}