{"id":47,"date":"2019-01-10T20:43:40","date_gmt":"2019-01-10T20:43:40","guid":{"rendered":"http:\/\/dr-odenwald.de\/?page_id=47"},"modified":"2019-01-21T21:31:25","modified_gmt":"2019-01-21T21:31:25","slug":"huefte","status":"publish","type":"page","link":"https:\/\/dr-odenwald.de\/?page_id=47","title":{"rendered":"H\u00fcfte"},"content":{"rendered":"\n<p><strong>Arthroskopische (minimal Invasiv) Operationen der H\u00fcfte:\u00a0<\/strong><br> Entfernung eines kn\u00f6chernen H\u00f6ckers am Schenkelhals bei CAM und Pincer Impingement bei einem femoroacetabul\u00e4ren Impingement (Engpasssyndrom zwischen H\u00fcftpfanne und Oberschenkelhals)\u00a0\u00a0<br>Refixation der Gelenklippe\u00a0<br>Entfernung freier Gelenkk\u00f6rper\u00a0<br> \u00a0<br><strong>H\u00fcftkopfnekrose:\u00a0\u00a0<\/strong><br>minimal invasive Anbohrungen bei H\u00fcftkopfnekrose<\/p>\n","protected":false},"excerpt":{"rendered":"<p>Arthroskopische (minimal Invasiv) Operationen der H\u00fcfte:\u00a0 Entfernung eines kn\u00f6chernen H\u00f6ckers am Schenkelhals bei CAM und Pincer Impingement bei einem femoroacetabul\u00e4ren Impingement (Engpasssyndrom zwischen H\u00fcftpfanne und Oberschenkelhals)\u00a0\u00a0Refixation der Gelenklippe\u00a0Entfernung freier Gelenkk\u00f6rper\u00a0 \u00a0H\u00fcftkopfnekrose:\u00a0\u00a0minimal invasive Anbohrungen bei H\u00fcftkopfnekrose<\/p>\n","protected":false},"author":1,"featured_media":0,"parent":37,"menu_order":0,"comment_status":"closed","ping_status":"closed","template":"","meta":[],"_links":{"self":[{"href":"https:\/\/dr-odenwald.de\/index.php?rest_route=\/wp\/v2\/pages\/47"}],"collection":[{"href":"https:\/\/dr-odenwald.de\/index.php?rest_route=\/wp\/v2\/pages"}],"about":[{"href":"https:\/\/dr-odenwald.de\/index.php?rest_route=\/wp\/v2\/types\/page"}],"author":[{"embeddable":true,"href":"https:\/\/dr-odenwald.de\/index.php?rest_route=\/wp\/v2\/users\/1"}],"replies":[{"embeddable":true,"href":"https:\/\/dr-odenwald.de\/index.php?rest_route=%2Fwp%2Fv2%2Fcomments&post=47"}],"version-history":[{"count":2,"href":"https:\/\/dr-odenwald.de\/index.php?rest_route=\/wp\/v2\/pages\/47\/revisions"}],"predecessor-version":[{"id":100,"href":"https:\/\/dr-odenwald.de\/index.php?rest_route=\/wp\/v2\/pages\/47\/revisions\/100"}],"up":[{"embeddable":true,"href":"https:\/\/dr-odenwald.de\/index.php?rest_route=\/wp\/v2\/pages\/37"}],"wp:attachment":[{"href":"https:\/\/dr-odenwald.de\/index.php?rest_route=%2Fwp%2Fv2%2Fmedia&parent=47"}],"curies":[{"name":"wp","href":"https:\/\/api.w.org\/{rel}","templated":true}]}}